{"id":95,"date":"2018-01-26T15:04:29","date_gmt":"2018-01-26T14:04:29","guid":{"rendered":"http:\/\/liberte-et-prospective.org\/?page_id=95"},"modified":"2021-09-18T13:56:23","modified_gmt":"2021-09-18T11:56:23","slug":"acceuil","status":"publish","type":"page","link":"https:\/\/liberte-et-prospective.org\/","title":{"rendered":"Bienvenue"},"content":{"rendered":"<p><span style=\"color: #008000;\"><strong>\u00a0<\/strong><\/span>Notre soci\u00e9t\u00e9 fond\u00e9e sur le <strong>Droit<\/strong> et le <strong>Contrat Social<\/strong> reconnait des <strong>Libert\u00e9s Individuelles<\/strong> \u00e0 des <strong>Citoyens<\/strong> th\u00e9oriquement capables, autonomes et rationnels. Ainsi, notre <strong>Libert\u00e9 Soci\u00e9tale<\/strong> d\u00e9pend de l\u2019<strong>Organisation Juridique<\/strong> du pays. Sous le concept de <strong>Vertu Civique<\/strong>, la tradition lib\u00e9rale occidentale, tr\u00e8s attach\u00e9e \u00e0 la <strong>Libert\u00e9<\/strong> comme premier terme de la <strong>Devise R\u00e9publicaine<\/strong>, s\u2019est donc employ\u00e9e \u00e0 \u00e9quilibrer les relations humaines entre la libert\u00e9 \u00e0 laquelle chaque homme aspire et l&rsquo;acceptation des contraintes de la vie en soci\u00e9t\u00e9.<\/p>\n<p style=\"text-align: center;\">Pourtant, malgr\u00e9 une <strong>Libert\u00e9 Organis\u00e9e<\/strong>, notre monde soumis \u00e0 des <strong>\u00e9volutions de plus en plus rapides<\/strong>, issues d\u2019<strong>Imaginations Cr\u00e9atrices <\/strong>et d\u2019<strong>Inventions G\u00e9n\u00e9reuses<\/strong>, para\u00eet toujours fragile et tributaire des <strong>Pesanteurs Culturelles<\/strong>, des <strong>Freins Emotionnels<\/strong> et producteur d&rsquo;<strong>Injustices Sociales<\/strong>. Depuis les Lumi\u00e8res, le progr\u00e8s scientifique, facteur de <strong>Bien-\u00eatre Pr\u00e9sent<\/strong>, devait remplacer le religieux bas\u00e9 sur l\u2019esp\u00e9rance d\u2019un <strong>Bien-\u00eatre Ailleurs<\/strong>. Cependant, la croyance dans un avenir meilleur s\u2019est att\u00e9nu\u00e9e et le progr\u00e8s, hier facteur d\u2019\u00e9galisation des conditions et de bien-\u00eatre, est aujourd\u2019hui consid\u00e9r\u00e9 comme une menace pour la survie de l\u2019Homme et de son \u00e9cosyst\u00e8me. En corollaire, le retour du fondamentalisme n\u2019est-il pas le signe que nous avons manqu\u00e9 la proph\u00e9tie de Malraux sur la spiritualit\u00e9 du XXI\u00e8 si\u00e8cle ?<\/p>\n<p style=\"text-align: center;\">Face \u00e0 ces interrogations et ces d\u00e9fis, le recours \u00e0 la prospective d\u00e9finie par son concepteur <strong>Gaston BERGER<\/strong> comme \u00ab <strong>une attitude pour l\u2019action qui tienne compte des caract\u00e9ristiques de l\u2019avenir, en fonction de l\u2019homme<\/strong> \u00bb<a href=\"#_ftn1\" name=\"_ftnref1\">\u00a0<\/a>s\u2019av\u00e8re n\u00e9cessaire. Entre les adeptes du d\u00e9terminisme pi\u00e9tiste, les conservateurs soucieux que rien ne change, les cyniques\u00a0 pr\u00eats \u00e0 tous les changements pourvu que rien ne bouge et les inconscients pour lesquels \u00ab\u00a0advienne que pourra\u00a0\u00bb, il convient de retrouver la libert\u00e9 d\u2019un destin commun choisi et de\u00a0 reprendre le sens de l\u2019action en se fixant pour objectif de comprendre le r\u00e9el pour atteindre l\u2019id\u00e9al.<\/p>\n<p style=\"text-align: center;\">Si notre pass\u00e9 est d\u00e9j\u00e0 jou\u00e9, votre futur m\u00e9rite r\u00e9flexion, <strong>Pr\u00e9parez le avec Nous<\/strong>.<\/p>\n","protected":false},"excerpt":{"rendered":"<p>\u00a0Notre soci\u00e9t\u00e9 fond\u00e9e sur le Droit et le Contrat Social reconnait des Libert\u00e9s Individuelles \u00e0 des Citoyens th\u00e9oriquement capables, autonomes et rationnels. Ainsi, notre Libert\u00e9 Soci\u00e9tale d\u00e9pend de l\u2019Organisation Juridique du pays. Sous le concept de Vertu Civique, la tradition lib\u00e9rale occidentale, tr\u00e8s attach\u00e9e \u00e0 la Libert\u00e9 comme premier terme de la Devise R\u00e9publicaine, s\u2019est &hellip; <a href=\"https:\/\/liberte-et-prospective.org\/\" class=\"more-link\">Continuer la lecture<span class=\"screen-reader-text\"> de &laquo;&nbsp;Bienvenue&nbsp;&raquo;<\/span><\/a><\/p>\n","protected":false},"author":4,"featured_media":2294,"parent":0,"menu_order":0,"comment_status":"closed","ping_status":"closed","template":"","meta":{"footnotes":""},"class_list":["post-95","page","type-page","status-publish","has-post-thumbnail","hentry"],"jetpack_sharing_enabled":true,"_links":{"self":[{"href":"https:\/\/liberte-et-prospective.org\/index.php?rest_route=\/wp\/v2\/pages\/95","targetHints":{"allow":["GET"]}}],"collection":[{"href":"https:\/\/liberte-et-prospective.org\/index.php?rest_route=\/wp\/v2\/pages"}],"about":[{"href":"https:\/\/liberte-et-prospective.org\/index.php?rest_route=\/wp\/v2\/types\/page"}],"author":[{"embeddable":true,"href":"https:\/\/liberte-et-prospective.org\/index.php?rest_route=\/wp\/v2\/users\/4"}],"replies":[{"embeddable":true,"href":"https:\/\/liberte-et-prospective.org\/index.php?rest_route=%2Fwp%2Fv2%2Fcomments&post=95"}],"version-history":[{"count":32,"href":"https:\/\/liberte-et-prospective.org\/index.php?rest_route=\/wp\/v2\/pages\/95\/revisions"}],"predecessor-version":[{"id":2381,"href":"https:\/\/liberte-et-prospective.org\/index.php?rest_route=\/wp\/v2\/pages\/95\/revisions\/2381"}],"wp:featuredmedia":[{"embeddable":true,"href":"https:\/\/liberte-et-prospective.org\/index.php?rest_route=\/wp\/v2\/media\/2294"}],"wp:attachment":[{"href":"https:\/\/liberte-et-prospective.org\/index.php?rest_route=%2Fwp%2Fv2%2Fmedia&parent=95"}],"curies":[{"name":"wp","href":"https:\/\/api.w.org\/{rel}","templated":true}]}}